{"id":8805,"date":"2025-01-05T23:01:21","date_gmt":"2025-01-05T23:01:21","guid":{"rendered":"https:\/\/thefinegems.com\/entdecken-sie-eine-einzigartige-kollektion-natuerlicher-edelsteine-2\/"},"modified":"2026-04-14T15:38:49","modified_gmt":"2026-04-14T15:38:49","slug":"entdecken-sie-eine-einzigartige-kollektion-natuerlicher-edelsteine-2","status":"publish","type":"page","link":"https:\/\/thefinegems.com\/de\/entdecken-sie-eine-einzigartige-kollektion-natuerlicher-edelsteine-2\/","title":{"rendered":"Entdecken Sie eine einzigartige Kollektion nat\u00fcrlicher Edelsteine"},"content":{"rendered":"\t\t<div data-elementor-type=\"wp-page\" data-elementor-id=\"8805\" class=\"elementor elementor-8805 elementor-2284\" data-elementor-post-type=\"page\">\n\t\t\t\t<div class=\"elementor-element elementor-element-c1fabf7 e-flex e-con-boxed e-con e-parent\" data-id=\"c1fabf7\" data-element_type=\"container\" data-e-type=\"container\">\n\t\t\t\t\t<div class=\"e-con-inner\">\n\t\t\t\t<div class=\"elementor-element elementor-element-60ed171 elementor-widget__width-initial elementor-widget elementor-widget-heading\" data-id=\"60ed171\" data-element_type=\"widget\" data-e-type=\"widget\" data-widget_type=\"heading.default\">\n\t\t\t\t<div class=\"elementor-widget-container\">\n\t\t\t\t\t<h2 class=\"elementor-heading-title elementor-size-default\"><a href=\"https:\/\/thefinegems.com\/de\/?page_id=8805\">Jeder Stein ist einzigartig.<br>Hier finden Sie eine der umfangreichsten Auswahlen an Edelsteinkategorien, die online verf\u00fcgbar sind.<br><br>Unser Versprechen ist einfach:<br>Wir bieten Ihnen eine au\u00dfergew\u00f6hnliche Kollektion.<br>Jeder Stein erz\u00e4hlt seine Geschichte, und in seinem Glanz spiegelt sich Ihre wider.<br><br>\n- Erkunden Sie unsere Kategorien, um den Stein zu entdecken, der am meisten mit Ihnen resoniert -<\/a><\/h2>\t\t\t\t<\/div>\n\t\t\t\t<\/div>\n\t\t\t\t<div class=\"elementor-element elementor-element-1759df4 elementor-grid-6 elementor-grid-tablet-5 elementor-grid-mobile-3 elementor-products-grid elementor-wc-products elementor-widget elementor-widget-wc-categories\" data-id=\"1759df4\" data-element_type=\"widget\" data-e-type=\"widget\" data-widget_type=\"wc-categories.default\">\n\t\t\t\t<div class=\"elementor-widget-container\">\n\t\t\t\t\t<div class=\"woocommerce columns-6\"><ul class=\"products elementor-grid columns-6\" data-products=\"type-1\" data-hover=\"zoom-in\">\n<li class=\"product-category product first\">\n\t<a aria-label=\"Produktkategorie Unkategorisiert besuchen\" href=\"https:\/\/thefinegems.com\/de\/unkategorisiert\/\"><img fetchpriority=\"high\" decoding=\"async\" src=\"https:\/\/thefinegems.com\/wp-content\/uploads\/2025\/02\/1000072945-removebg-preview6847851438161141494-300x300.png\" alt=\"Unkategorisiert\" width=\"300\" height=\"300\" srcset=\"https:\/\/thefinegems.com\/wp-content\/uploads\/2025\/02\/1000072945-removebg-preview6847851438161141494-300x300.png 300w, https:\/\/thefinegems.com\/wp-content\/uploads\/2025\/02\/1000072945-removebg-preview6847851438161141494-150x150.png 150w, https:\/\/thefinegems.com\/wp-content\/uploads\/2025\/02\/1000072945-removebg-preview6847851438161141494-100x100.png 100w\" sizes=\"(max-width: 300px) 100vw, 300px\" \/>\t\t<h2 class=\"woocommerce-loop-category__title\">\n\t\t\tUnkategorisiert\t\t<\/h2>\n\t\t<\/a><\/li>\n<\/ul>\n<\/div>\t\t\t\t<\/div>\n\t\t\t\t<\/div>\n\t\t\t\t\t<\/div>\n\t\t\t\t<\/div>\n\t\t<div class=\"elementor-element elementor-element-4c4c058 e-flex e-con-boxed e-con e-parent\" data-id=\"4c4c058\" data-element_type=\"container\" data-e-type=\"container\">\n\t\t\t\t\t<div class=\"e-con-inner\">\n\t\t\t\t<div class=\"elementor-element elementor-element-713d051 elementor-widget elementor-widget-text-editor\" data-id=\"713d051\" data-element_type=\"widget\" data-e-type=\"widget\" data-widget_type=\"text-editor.default\">\n\t\t\t\t<div class=\"elementor-widget-container\">\n\t\t\t\t\t\t\t\t\t<p> <\/p><p><a href=\"https:\/\/thefinegems.com\/les-nouveautes\/\"><strong>  Neuheiten ansehen \ud83d\udc8e<\/strong><\/a><\/p><p><a href=\"https:\/\/thefinegems.com\/contact-expert-achat-pierre-precieuses\/\"><strong>\u2728 Kontaktieren Sie The Fine Gems f\u00fcr au\u00dfergew\u00f6hnliche Edelsteine, eine besondere Gr\u00f6\u00dfe oder eine ma\u00dfgeschneiderte Anfrage. <\/strong><strong>Ihr Experte gew\u00e4hrleistet Ihnen eine vertrauliche Beratung. \u2728<\/strong><\/a><\/p><p><strong><a href=\"https:\/\/thefinegems.com\/shop-boutique-vente-pierres-precieuses-gemstones\/\">  Shop ansehen \ud83d\udc8e<\/a><\/strong><\/p>\t\t\t\t\t\t\t\t<\/div>\n\t\t\t\t<\/div>\n\t\t\t\t\t<\/div>\n\t\t\t\t<\/div>\n\t\t\t\t<\/div>\n\t\t","protected":false},"excerpt":{"rendered":"<p>Jeder Stein ist einzigartig.Hier finden Sie eine der umfangreichsten Auswahlen an Edelsteinkategorien, die online verf\u00fcgbar sind. Unser Versprechen ist einfach:Wir bieten Ihnen eine au\u00dfergew\u00f6hnliche Kollektion.Jeder Stein erz\u00e4hlt seine Geschichte, und in seinem Glanz spiegelt sich Ihre wider. &#8211; Erkunden Sie unsere Kategorien, um den Stein zu entdecken, der am meisten mit Ihnen resoniert &#8211; Neuheiten [&hellip;]<\/p>\n","protected":false},"author":1,"featured_media":8771,"parent":0,"menu_order":0,"comment_status":"closed","ping_status":"closed","template":"","meta":{"_uag_custom_page_level_css":"","footnotes":""},"class_list":["post-8805","page","type-page","status-publish","has-post-thumbnail","hentry"],"blocksy_meta":[],"yoast_head":"<!-- This site is optimized with the Yoast SEO plugin v27.4 - https:\/\/yoast.com\/product\/yoast-seo-wordpress\/ -->\n<title>Kauf von Edelsteinen &amp; Schmucksteinen - Online-Verkauf | TheFineGems<\/title>\n<meta name=\"description\" content=\"Entdecken Sie alle unsere Edelsteine: Online-Verkauf von Edelsteinen und Schmucksteinen. Erkunden Sie alle Kategorien von The Fine Gems.\" \/>\n<meta name=\"robots\" content=\"index, follow, max-snippet:-1, max-image-preview:large, max-video-preview:-1\" \/>\n<link rel=\"canonical\" href=\"https:\/\/thefinegems.com\/de\/entdecken-sie-eine-einzigartige-kollektion-natuerlicher-edelsteine-2\/\" \/>\n<meta property=\"og:locale\" content=\"de_DE\" \/>\n<meta property=\"og:type\" content=\"article\" \/>\n<meta property=\"og:title\" content=\"Kauf von Edelsteinen &amp; Schmucksteinen - Online-Verkauf | TheFineGems\" \/>\n<meta property=\"og:description\" content=\"Entdecken Sie alle unsere Edelsteine: Online-Verkauf von Edelsteinen und Schmucksteinen. Erkunden Sie alle Kategorien von The Fine Gems.\" \/>\n<meta property=\"og:url\" content=\"https:\/\/thefinegems.com\/de\/entdecken-sie-eine-einzigartige-kollektion-natuerlicher-edelsteine-2\/\" \/>\n<meta property=\"og:site_name\" content=\"TheFineGems\" \/>\n<meta property=\"article:modified_time\" content=\"2026-04-14T15:38:49+00:00\" \/>\n<meta property=\"og:image\" content=\"https:\/\/thefinegems.com\/wp-content\/uploads\/2025\/11\/investir-The-Fine-Gems-1024x683.png\" \/>\n\t<meta property=\"og:image:width\" content=\"1024\" \/>\n\t<meta property=\"og:image:height\" content=\"683\" \/>\n\t<meta property=\"og:image:type\" content=\"image\/png\" \/>\n<meta name=\"twitter:card\" content=\"summary_large_image\" \/>\n<meta name=\"twitter:label1\" content=\"Gesch\u00e4tzte Lesezeit\" \/>\n\t<meta name=\"twitter:data1\" content=\"1\u00a0Minute\" \/>\n<script type=\"application\/ld+json\" class=\"yoast-schema-graph\">{\"@context\":\"https:\\\/\\\/schema.org\",\"@graph\":[{\"@type\":\"WebPage\",\"@id\":\"https:\\\/\\\/thefinegems.com\\\/de\\\/entdecken-sie-eine-einzigartige-kollektion-natuerlicher-edelsteine-2\\\/\",\"url\":\"https:\\\/\\\/thefinegems.com\\\/de\\\/entdecken-sie-eine-einzigartige-kollektion-natuerlicher-edelsteine-2\\\/\",\"name\":\"Kauf von Edelsteinen & Schmucksteinen - Online-Verkauf | TheFineGems\",\"isPartOf\":{\"@id\":\"https:\\\/\\\/thefinegems.com\\\/de\\\/#website\"},\"primaryImageOfPage\":{\"@id\":\"https:\\\/\\\/thefinegems.com\\\/de\\\/entdecken-sie-eine-einzigartige-kollektion-natuerlicher-edelsteine-2\\\/#primaryimage\"},\"image\":{\"@id\":\"https:\\\/\\\/thefinegems.com\\\/de\\\/entdecken-sie-eine-einzigartige-kollektion-natuerlicher-edelsteine-2\\\/#primaryimage\"},\"thumbnailUrl\":\"https:\\\/\\\/thefinegems.com\\\/wp-content\\\/uploads\\\/2025\\\/11\\\/investir-The-Fine-Gems.png\",\"datePublished\":\"2025-01-05T23:01:21+00:00\",\"dateModified\":\"2026-04-14T15:38:49+00:00\",\"description\":\"Entdecken Sie alle unsere Edelsteine: Online-Verkauf von Edelsteinen und Schmucksteinen. Erkunden Sie alle Kategorien von The Fine Gems.\",\"breadcrumb\":{\"@id\":\"https:\\\/\\\/thefinegems.com\\\/de\\\/entdecken-sie-eine-einzigartige-kollektion-natuerlicher-edelsteine-2\\\/#breadcrumb\"},\"inLanguage\":\"de\",\"potentialAction\":[{\"@type\":\"ReadAction\",\"target\":[\"https:\\\/\\\/thefinegems.com\\\/de\\\/entdecken-sie-eine-einzigartige-kollektion-natuerlicher-edelsteine-2\\\/\"]}]},{\"@type\":\"ImageObject\",\"inLanguage\":\"de\",\"@id\":\"https:\\\/\\\/thefinegems.com\\\/de\\\/entdecken-sie-eine-einzigartige-kollektion-natuerlicher-edelsteine-2\\\/#primaryimage\",\"url\":\"https:\\\/\\\/thefinegems.com\\\/wp-content\\\/uploads\\\/2025\\\/11\\\/investir-The-Fine-Gems.png\",\"contentUrl\":\"https:\\\/\\\/thefinegems.com\\\/wp-content\\\/uploads\\\/2025\\\/11\\\/investir-The-Fine-Gems.png\",\"width\":1536,\"height\":1024,\"caption\":\"Edelsteine und Schmucksteine \u2013 Auswahl an Gemmen f\u00fcr Schmuck und Investment\"},{\"@type\":\"BreadcrumbList\",\"@id\":\"https:\\\/\\\/thefinegems.com\\\/de\\\/entdecken-sie-eine-einzigartige-kollektion-natuerlicher-edelsteine-2\\\/#breadcrumb\",\"itemListElement\":[{\"@type\":\"ListItem\",\"position\":1,\"name\":\"Accueil\",\"item\":\"https:\\\/\\\/thefinegems.com\\\/de\\\/\"},{\"@type\":\"ListItem\",\"position\":2,\"name\":\"Entdecken Sie eine einzigartige Kollektion nat\u00fcrlicher Edelsteine\"}]},{\"@type\":\"WebSite\",\"@id\":\"https:\\\/\\\/thefinegems.com\\\/de\\\/#website\",\"url\":\"https:\\\/\\\/thefinegems.com\\\/de\\\/\",\"name\":\"TheFineGems\",\"description\":\"Vente de pierres fines et pr\u00e9cieuses\",\"publisher\":{\"@id\":\"https:\\\/\\\/thefinegems.com\\\/de\\\/#organization\"},\"potentialAction\":[{\"@type\":\"SearchAction\",\"target\":{\"@type\":\"EntryPoint\",\"urlTemplate\":\"https:\\\/\\\/thefinegems.com\\\/de\\\/?s={search_term_string}\"},\"query-input\":{\"@type\":\"PropertyValueSpecification\",\"valueRequired\":true,\"valueName\":\"search_term_string\"}}],\"inLanguage\":\"de\"},{\"@type\":\"Organization\",\"@id\":\"https:\\\/\\\/thefinegems.com\\\/de\\\/#organization\",\"name\":\"TheFineGems\",\"url\":\"https:\\\/\\\/thefinegems.com\\\/de\\\/\",\"logo\":{\"@type\":\"ImageObject\",\"inLanguage\":\"de\",\"@id\":\"https:\\\/\\\/thefinegems.com\\\/de\\\/#\\\/schema\\\/logo\\\/image\\\/\",\"url\":\"https:\\\/\\\/thefinegems.com\\\/wp-content\\\/uploads\\\/2025\\\/01\\\/Modele-dorigine-sur-fond-transparent-1.webp\",\"contentUrl\":\"https:\\\/\\\/thefinegems.com\\\/wp-content\\\/uploads\\\/2025\\\/01\\\/Modele-dorigine-sur-fond-transparent-1.webp\",\"width\":1920,\"height\":1584,\"caption\":\"TheFineGems\"},\"image\":{\"@id\":\"https:\\\/\\\/thefinegems.com\\\/de\\\/#\\\/schema\\\/logo\\\/image\\\/\"},\"sameAs\":[\"https:\\\/\\\/www.instagram.com\\\/thefinegemsofficiel\\\/\"]}]}<\/script>\n<!-- \/ Yoast SEO plugin. -->","yoast_head_json":{"title":"Kauf von Edelsteinen & Schmucksteinen - Online-Verkauf | TheFineGems","description":"Entdecken Sie alle unsere Edelsteine: Online-Verkauf von Edelsteinen und Schmucksteinen. Erkunden Sie alle Kategorien von The Fine Gems.","robots":{"index":"index","follow":"follow","max-snippet":"max-snippet:-1","max-image-preview":"max-image-preview:large","max-video-preview":"max-video-preview:-1"},"canonical":"https:\/\/thefinegems.com\/de\/entdecken-sie-eine-einzigartige-kollektion-natuerlicher-edelsteine-2\/","og_locale":"de_DE","og_type":"article","og_title":"Kauf von Edelsteinen & Schmucksteinen - Online-Verkauf | TheFineGems","og_description":"Entdecken Sie alle unsere Edelsteine: Online-Verkauf von Edelsteinen und Schmucksteinen. Erkunden Sie alle Kategorien von The Fine Gems.","og_url":"https:\/\/thefinegems.com\/de\/entdecken-sie-eine-einzigartige-kollektion-natuerlicher-edelsteine-2\/","og_site_name":"TheFineGems","article_modified_time":"2026-04-14T15:38:49+00:00","og_image":[{"width":1024,"height":683,"url":"https:\/\/thefinegems.com\/wp-content\/uploads\/2025\/11\/investir-The-Fine-Gems-1024x683.png","type":"image\/png"}],"twitter_card":"summary_large_image","twitter_misc":{"Gesch\u00e4tzte Lesezeit":"1\u00a0Minute"},"schema":{"@context":"https:\/\/schema.org","@graph":[{"@type":"WebPage","@id":"https:\/\/thefinegems.com\/de\/entdecken-sie-eine-einzigartige-kollektion-natuerlicher-edelsteine-2\/","url":"https:\/\/thefinegems.com\/de\/entdecken-sie-eine-einzigartige-kollektion-natuerlicher-edelsteine-2\/","name":"Kauf von Edelsteinen & Schmucksteinen - Online-Verkauf | TheFineGems","isPartOf":{"@id":"https:\/\/thefinegems.com\/de\/#website"},"primaryImageOfPage":{"@id":"https:\/\/thefinegems.com\/de\/entdecken-sie-eine-einzigartige-kollektion-natuerlicher-edelsteine-2\/#primaryimage"},"image":{"@id":"https:\/\/thefinegems.com\/de\/entdecken-sie-eine-einzigartige-kollektion-natuerlicher-edelsteine-2\/#primaryimage"},"thumbnailUrl":"https:\/\/thefinegems.com\/wp-content\/uploads\/2025\/11\/investir-The-Fine-Gems.png","datePublished":"2025-01-05T23:01:21+00:00","dateModified":"2026-04-14T15:38:49+00:00","description":"Entdecken Sie alle unsere Edelsteine: Online-Verkauf von Edelsteinen und Schmucksteinen. Erkunden Sie alle Kategorien von The Fine Gems.","breadcrumb":{"@id":"https:\/\/thefinegems.com\/de\/entdecken-sie-eine-einzigartige-kollektion-natuerlicher-edelsteine-2\/#breadcrumb"},"inLanguage":"de","potentialAction":[{"@type":"ReadAction","target":["https:\/\/thefinegems.com\/de\/entdecken-sie-eine-einzigartige-kollektion-natuerlicher-edelsteine-2\/"]}]},{"@type":"ImageObject","inLanguage":"de","@id":"https:\/\/thefinegems.com\/de\/entdecken-sie-eine-einzigartige-kollektion-natuerlicher-edelsteine-2\/#primaryimage","url":"https:\/\/thefinegems.com\/wp-content\/uploads\/2025\/11\/investir-The-Fine-Gems.png","contentUrl":"https:\/\/thefinegems.com\/wp-content\/uploads\/2025\/11\/investir-The-Fine-Gems.png","width":1536,"height":1024,"caption":"Edelsteine und Schmucksteine \u2013 Auswahl an Gemmen f\u00fcr Schmuck und Investment"},{"@type":"BreadcrumbList","@id":"https:\/\/thefinegems.com\/de\/entdecken-sie-eine-einzigartige-kollektion-natuerlicher-edelsteine-2\/#breadcrumb","itemListElement":[{"@type":"ListItem","position":1,"name":"Accueil","item":"https:\/\/thefinegems.com\/de\/"},{"@type":"ListItem","position":2,"name":"Entdecken Sie eine einzigartige Kollektion nat\u00fcrlicher Edelsteine"}]},{"@type":"WebSite","@id":"https:\/\/thefinegems.com\/de\/#website","url":"https:\/\/thefinegems.com\/de\/","name":"TheFineGems","description":"Vente de pierres fines et pr\u00e9cieuses","publisher":{"@id":"https:\/\/thefinegems.com\/de\/#organization"},"potentialAction":[{"@type":"SearchAction","target":{"@type":"EntryPoint","urlTemplate":"https:\/\/thefinegems.com\/de\/?s={search_term_string}"},"query-input":{"@type":"PropertyValueSpecification","valueRequired":true,"valueName":"search_term_string"}}],"inLanguage":"de"},{"@type":"Organization","@id":"https:\/\/thefinegems.com\/de\/#organization","name":"TheFineGems","url":"https:\/\/thefinegems.com\/de\/","logo":{"@type":"ImageObject","inLanguage":"de","@id":"https:\/\/thefinegems.com\/de\/#\/schema\/logo\/image\/","url":"https:\/\/thefinegems.com\/wp-content\/uploads\/2025\/01\/Modele-dorigine-sur-fond-transparent-1.webp","contentUrl":"https:\/\/thefinegems.com\/wp-content\/uploads\/2025\/01\/Modele-dorigine-sur-fond-transparent-1.webp","width":1920,"height":1584,"caption":"TheFineGems"},"image":{"@id":"https:\/\/thefinegems.com\/de\/#\/schema\/logo\/image\/"},"sameAs":["https:\/\/www.instagram.com\/thefinegemsofficiel\/"]}]}},"uagb_featured_image_src":{"full":["https:\/\/thefinegems.com\/wp-content\/uploads\/2025\/11\/investir-The-Fine-Gems.png",1536,1024,false],"thumbnail":["https:\/\/thefinegems.com\/wp-content\/uploads\/2025\/11\/investir-The-Fine-Gems-150x150.png",150,150,true],"medium":["https:\/\/thefinegems.com\/wp-content\/uploads\/2025\/11\/investir-The-Fine-Gems-300x200.png",300,200,true],"medium_large":["https:\/\/thefinegems.com\/wp-content\/uploads\/2025\/11\/investir-The-Fine-Gems-768x512.png",768,512,true],"large":["https:\/\/thefinegems.com\/wp-content\/uploads\/2025\/11\/investir-The-Fine-Gems-1024x683.png",1024,683,true],"1536x1536":["https:\/\/thefinegems.com\/wp-content\/uploads\/2025\/11\/investir-The-Fine-Gems.png",1536,1024,false],"2048x2048":["https:\/\/thefinegems.com\/wp-content\/uploads\/2025\/11\/investir-The-Fine-Gems.png",1536,1024,false],"woocommerce_archive_thumbnail":["https:\/\/thefinegems.com\/wp-content\/uploads\/2025\/11\/investir-The-Fine-Gems-300x200.png",300,200,true],"woocommerce_thumbnail":["https:\/\/thefinegems.com\/wp-content\/uploads\/2025\/11\/investir-The-Fine-Gems-300x300.png",300,300,true],"woocommerce_single":["https:\/\/thefinegems.com\/wp-content\/uploads\/2025\/11\/investir-The-Fine-Gems-600x400.png",600,400,true],"woocommerce_gallery_thumbnail":["https:\/\/thefinegems.com\/wp-content\/uploads\/2025\/11\/investir-The-Fine-Gems-100x100.png",100,100,true]},"uagb_author_info":{"display_name":"The Fine Gems","author_link":"https:\/\/thefinegems.com\/de\/author\/th-hellaragmail-com\/"},"uagb_comment_info":0,"uagb_excerpt":"Jeder Stein ist einzigartig.Hier finden Sie eine der umfangreichsten Auswahlen an Edelsteinkategorien, die online verf\u00fcgbar sind. Unser Versprechen ist einfach:Wir bieten Ihnen eine au\u00dfergew\u00f6hnliche Kollektion.Jeder Stein erz\u00e4hlt seine Geschichte, und in seinem Glanz spiegelt sich Ihre wider. &#8211; Erkunden Sie unsere Kategorien, um den Stein zu entdecken, der am meisten mit Ihnen resoniert &#8211; Neuheiten&hellip;","jetpack_sharing_enabled":true,"_links":{"self":[{"href":"https:\/\/thefinegems.com\/de\/wp-json\/wp\/v2\/pages\/8805","targetHints":{"allow":["GET"]}}],"collection":[{"href":"https:\/\/thefinegems.com\/de\/wp-json\/wp\/v2\/pages"}],"about":[{"href":"https:\/\/thefinegems.com\/de\/wp-json\/wp\/v2\/types\/page"}],"author":[{"embeddable":true,"href":"https:\/\/thefinegems.com\/de\/wp-json\/wp\/v2\/users\/1"}],"replies":[{"embeddable":true,"href":"https:\/\/thefinegems.com\/de\/wp-json\/wp\/v2\/comments?post=8805"}],"version-history":[{"count":2,"href":"https:\/\/thefinegems.com\/de\/wp-json\/wp\/v2\/pages\/8805\/revisions"}],"predecessor-version":[{"id":8810,"href":"https:\/\/thefinegems.com\/de\/wp-json\/wp\/v2\/pages\/8805\/revisions\/8810"}],"wp:featuredmedia":[{"embeddable":true,"href":"https:\/\/thefinegems.com\/de\/wp-json\/wp\/v2\/media\/8771"}],"wp:attachment":[{"href":"https:\/\/thefinegems.com\/de\/wp-json\/wp\/v2\/media?parent=8805"}],"curies":[{"name":"wp","href":"https:\/\/api.w.org\/{rel}","templated":true}]}}