{"id":8827,"date":"2026-03-11T03:43:53","date_gmt":"2026-03-11T03:43:53","guid":{"rendered":"https:\/\/thefinegems.com\/neuheiten\/"},"modified":"2026-04-14T15:51:13","modified_gmt":"2026-04-14T15:51:13","slug":"neuheiten","status":"publish","type":"page","link":"https:\/\/thefinegems.com\/de\/neuheiten\/","title":{"rendered":"Neuheiten"},"content":{"rendered":"\t\t<div data-elementor-type=\"wp-page\" data-elementor-id=\"8827\" class=\"elementor elementor-8827 elementor-8175\" data-elementor-post-type=\"page\">\n\t\t\t\t\t\t<section class=\"elementor-section elementor-top-section elementor-element elementor-element-d08jf8m elementor-section-content-top ct-section-stretched elementor-section-boxed elementor-section-height-default elementor-section-height-default\" data-id=\"d08jf8m\" data-element_type=\"section\" data-e-type=\"section\" data-settings=\"{&quot;background_background&quot;:&quot;classic&quot;}\">\n\t\t\t\t\t\t\t<div class=\"elementor-background-overlay\"><\/div>\n\t\t\t\t\t\t\t<div class=\"elementor-container elementor-column-gap-no\">\n\t\t\t\t\t<div class=\"elementor-column elementor-col-100 elementor-top-column elementor-element elementor-element-5312e3d\" data-id=\"5312e3d\" data-element_type=\"column\" data-e-type=\"column\">\n\t\t\t<div class=\"elementor-widget-wrap elementor-element-populated\">\n\t\t\t\t\t\t<div class=\"elementor-element elementor-element-f8e2218 elementor-widget__width-initial elementor-widget elementor-widget-heading\" data-id=\"f8e2218\" data-element_type=\"widget\" data-e-type=\"widget\" data-widget_type=\"heading.default\">\n\t\t\t\t<div class=\"elementor-widget-container\">\n\t\t\t\t\t<h2 class=\"elementor-heading-title elementor-size-default\">Entdecken Sie auch die Kategorien f\u00fcr Edelsteine und feine Steine: Saphire, Granate, Turmaline, Spinelle, Smaragde und andere von The Fine Gems ausgew\u00e4hlte nat\u00fcrliche Edelsteine.<\/h2>\t\t\t\t<\/div>\n\t\t\t\t<\/div>\n\t\t\t\t\t<\/div>\n\t\t<\/div>\n\t\t\t\t\t<\/div>\n\t\t<\/section>\n\t\t<div class=\"elementor-element elementor-element-28bf03e e-flex e-con-boxed e-con e-parent\" data-id=\"28bf03e\" data-element_type=\"container\" data-e-type=\"container\">\n\t\t\t\t\t<div class=\"e-con-inner\">\n\t\t\t\t\t<\/div>\n\t\t\t\t<\/div>\n\t\t\t\t<section class=\"elementor-section elementor-top-section elementor-element elementor-element-5euce7n elementor-section-content-top elementor-section-boxed elementor-section-height-default elementor-section-height-default\" data-id=\"5euce7n\" data-element_type=\"section\" data-e-type=\"section\" data-settings=\"{&quot;background_background&quot;:&quot;classic&quot;}\">\n\t\t\t\t\t\t\t<div class=\"elementor-background-overlay\"><\/div>\n\t\t\t\t\t\t\t<div class=\"elementor-container elementor-column-gap-no\">\n\t\t\t\t\t<div class=\"elementor-column elementor-col-100 elementor-top-column elementor-element elementor-element-5312e3d\" data-id=\"5312e3d\" data-element_type=\"column\" data-e-type=\"column\">\n\t\t\t<div class=\"elementor-widget-wrap elementor-element-populated\">\n\t\t\t\t\t\t<div class=\"elementor-element elementor-element-f8e2218 elementor-widget elementor-widget-heading\" data-id=\"f8e2218\" data-element_type=\"widget\" data-e-type=\"widget\" data-widget_type=\"heading.default\">\n\t\t\t\t<div class=\"elementor-widget-container\">\n\t\t\t\t\t<h2 class=\"elementor-heading-title elementor-size-default\"><a href=\"https:\/\/thefinegems.com\/de\/entdecken-sie-eine-einzigartige-kollektion-natuerlicher-edelsteine-2\/\">Entdecken Sie auch die Kategorien f\u00fcr Edelsteine und feine Steine: Saphire, Granate, Turmaline, Spinelle, Smaragde und andere von The Fine Gems ausgew\u00e4hlte nat\u00fcrliche Edelsteine.<\/a><\/h2>\t\t\t\t<\/div>\n\t\t\t\t<\/div>\n\t\t\t\t<div class=\"elementor-element elementor-element-14524f7 elementor-widget elementor-widget-text-editor\" data-id=\"14524f7\" data-element_type=\"widget\" data-e-type=\"widget\" data-widget_type=\"text-editor.default\">\n\t\t\t\t<div class=\"elementor-widget-container\">\n\t\t\t\t\t\t\t\t\t<p>\u27a4 <a href=\"https:\/\/thefinegems.com\/de\/?page_id=8817\"><strong data-start=\"886\" data-end=\"929\">Suchen Sie einen bestimmten Stein?<\/strong><\/a><br data-start=\"929\" data-end=\"932\"><em data-start=\"934\" data-end=\"1001\">Ihr Experte kann Sie bei einer ma\u00dfgeschneiderten Suche begleiten.<\/em><\/p>\t\t\t\t\t\t\t\t<\/div>\n\t\t\t\t<\/div>\n\t\t\t\t\t<\/div>\n\t\t<\/div>\n\t\t\t\t\t<\/div>\n\t\t<\/section>\n\t\t\t\t<\/div>\n\t\t","protected":false},"excerpt":{"rendered":"<p>Entdecken Sie auch die Kategorien f\u00fcr Edelsteine und feine Steine: Saphire, Granate, Turmaline, Spinelle, Smaragde und andere von The Fine Gems ausgew\u00e4hlte nat\u00fcrliche Edelsteine. Entdecken Sie auch die Kategorien f\u00fcr Edelsteine und feine Steine: Saphire, Granate, Turmaline, Spinelle, Smaragde und andere von The Fine Gems ausgew\u00e4hlte nat\u00fcrliche Edelsteine. \u27a4 Suchen Sie einen bestimmten Stein?Ihr Experte [&hellip;]<\/p>\n","protected":false},"author":1,"featured_media":8828,"parent":0,"menu_order":0,"comment_status":"closed","ping_status":"closed","template":"","meta":{"_uag_custom_page_level_css":"","footnotes":""},"class_list":["post-8827","page","type-page","status-publish","has-post-thumbnail","hentry"],"blocksy_meta":[],"yoast_head":"<!-- This site is optimized with the Yoast SEO plugin v27.4 - https:\/\/yoast.com\/product\/yoast-seo-wordpress\/ -->\n<title>Neue nat\u00fcrliche Edelsteine | The Fine Gems<\/title>\n<meta name=\"description\" content=\"Entdecken Sie die w\u00f6chentlich hinzugef\u00fcgten neuen Edelsteine: Saphire, Granate, Turmaline und andere feine Steine f\u00fcr Schmuck und Sammlungen.\" \/>\n<meta name=\"robots\" content=\"index, follow, max-snippet:-1, max-image-preview:large, max-video-preview:-1\" \/>\n<link rel=\"canonical\" href=\"https:\/\/thefinegems.com\/de\/neuheiten\/\" \/>\n<meta property=\"og:locale\" content=\"de_DE\" \/>\n<meta property=\"og:type\" content=\"article\" \/>\n<meta property=\"og:title\" content=\"Neue nat\u00fcrliche Edelsteine | The Fine Gems\" \/>\n<meta property=\"og:description\" content=\"Entdecken Sie die w\u00f6chentlich hinzugef\u00fcgten neuen Edelsteine: Saphire, Granate, Turmaline und andere feine Steine f\u00fcr Schmuck und Sammlungen.\" \/>\n<meta property=\"og:url\" content=\"https:\/\/thefinegems.com\/de\/neuheiten\/\" \/>\n<meta property=\"og:site_name\" content=\"TheFineGems\" \/>\n<meta property=\"article:modified_time\" content=\"2026-04-14T15:51:13+00:00\" \/>\n<meta property=\"og:image\" content=\"https:\/\/thefinegems.com\/wp-content\/uploads\/2026\/01\/Emerald-The-Fine-Gems.png\" \/>\n\t<meta property=\"og:image:width\" content=\"1536\" \/>\n\t<meta property=\"og:image:height\" content=\"1024\" \/>\n\t<meta property=\"og:image:type\" content=\"image\/png\" \/>\n<meta name=\"twitter:card\" content=\"summary_large_image\" \/>\n<script type=\"application\/ld+json\" class=\"yoast-schema-graph\">{\"@context\":\"https:\\\/\\\/schema.org\",\"@graph\":[{\"@type\":\"WebPage\",\"@id\":\"https:\\\/\\\/thefinegems.com\\\/de\\\/neuheiten\\\/\",\"url\":\"https:\\\/\\\/thefinegems.com\\\/de\\\/neuheiten\\\/\",\"name\":\"Neue nat\u00fcrliche Edelsteine | The Fine Gems\",\"isPartOf\":{\"@id\":\"https:\\\/\\\/thefinegems.com\\\/de\\\/#website\"},\"primaryImageOfPage\":{\"@id\":\"https:\\\/\\\/thefinegems.com\\\/de\\\/neuheiten\\\/#primaryimage\"},\"image\":{\"@id\":\"https:\\\/\\\/thefinegems.com\\\/de\\\/neuheiten\\\/#primaryimage\"},\"thumbnailUrl\":\"https:\\\/\\\/thefinegems.com\\\/wp-content\\\/uploads\\\/2026\\\/01\\\/Emerald-The-Fine-Gems.png\",\"datePublished\":\"2026-03-11T03:43:53+00:00\",\"dateModified\":\"2026-04-14T15:51:13+00:00\",\"description\":\"Entdecken Sie die w\u00f6chentlich hinzugef\u00fcgten neuen Edelsteine: Saphire, Granate, Turmaline und andere feine Steine f\u00fcr Schmuck und Sammlungen.\",\"breadcrumb\":{\"@id\":\"https:\\\/\\\/thefinegems.com\\\/de\\\/neuheiten\\\/#breadcrumb\"},\"inLanguage\":\"de\",\"potentialAction\":[{\"@type\":\"ReadAction\",\"target\":[\"https:\\\/\\\/thefinegems.com\\\/de\\\/neuheiten\\\/\"]}]},{\"@type\":\"ImageObject\",\"inLanguage\":\"de\",\"@id\":\"https:\\\/\\\/thefinegems.com\\\/de\\\/neuheiten\\\/#primaryimage\",\"url\":\"https:\\\/\\\/thefinegems.com\\\/wp-content\\\/uploads\\\/2026\\\/01\\\/Emerald-The-Fine-Gems.png\",\"contentUrl\":\"https:\\\/\\\/thefinegems.com\\\/wp-content\\\/uploads\\\/2026\\\/01\\\/Emerald-The-Fine-Gems.png\",\"width\":1536,\"height\":1024,\"caption\":\"Nat\u00fcrlicher kolumbianischer Smaragd im Smaragdschliff mit sichtbaren Einschl\u00fcssen, eleganter heller Hintergrund\"},{\"@type\":\"BreadcrumbList\",\"@id\":\"https:\\\/\\\/thefinegems.com\\\/de\\\/neuheiten\\\/#breadcrumb\",\"itemListElement\":[{\"@type\":\"ListItem\",\"position\":1,\"name\":\"Accueil\",\"item\":\"https:\\\/\\\/thefinegems.com\\\/de\\\/\"},{\"@type\":\"ListItem\",\"position\":2,\"name\":\"Neuheiten\"}]},{\"@type\":\"WebSite\",\"@id\":\"https:\\\/\\\/thefinegems.com\\\/de\\\/#website\",\"url\":\"https:\\\/\\\/thefinegems.com\\\/de\\\/\",\"name\":\"TheFineGems\",\"description\":\"Vente de pierres fines et pr\u00e9cieuses\",\"publisher\":{\"@id\":\"https:\\\/\\\/thefinegems.com\\\/de\\\/#organization\"},\"potentialAction\":[{\"@type\":\"SearchAction\",\"target\":{\"@type\":\"EntryPoint\",\"urlTemplate\":\"https:\\\/\\\/thefinegems.com\\\/de\\\/?s={search_term_string}\"},\"query-input\":{\"@type\":\"PropertyValueSpecification\",\"valueRequired\":true,\"valueName\":\"search_term_string\"}}],\"inLanguage\":\"de\"},{\"@type\":\"Organization\",\"@id\":\"https:\\\/\\\/thefinegems.com\\\/de\\\/#organization\",\"name\":\"TheFineGems\",\"url\":\"https:\\\/\\\/thefinegems.com\\\/de\\\/\",\"logo\":{\"@type\":\"ImageObject\",\"inLanguage\":\"de\",\"@id\":\"https:\\\/\\\/thefinegems.com\\\/de\\\/#\\\/schema\\\/logo\\\/image\\\/\",\"url\":\"https:\\\/\\\/thefinegems.com\\\/wp-content\\\/uploads\\\/2025\\\/01\\\/Modele-dorigine-sur-fond-transparent-1.webp\",\"contentUrl\":\"https:\\\/\\\/thefinegems.com\\\/wp-content\\\/uploads\\\/2025\\\/01\\\/Modele-dorigine-sur-fond-transparent-1.webp\",\"width\":1920,\"height\":1584,\"caption\":\"TheFineGems\"},\"image\":{\"@id\":\"https:\\\/\\\/thefinegems.com\\\/de\\\/#\\\/schema\\\/logo\\\/image\\\/\"},\"sameAs\":[\"https:\\\/\\\/www.instagram.com\\\/thefinegemsofficiel\\\/\"]}]}<\/script>\n<!-- \/ Yoast SEO plugin. -->","yoast_head_json":{"title":"Neue nat\u00fcrliche Edelsteine | The Fine Gems","description":"Entdecken Sie die w\u00f6chentlich hinzugef\u00fcgten neuen Edelsteine: Saphire, Granate, Turmaline und andere feine Steine f\u00fcr Schmuck und Sammlungen.","robots":{"index":"index","follow":"follow","max-snippet":"max-snippet:-1","max-image-preview":"max-image-preview:large","max-video-preview":"max-video-preview:-1"},"canonical":"https:\/\/thefinegems.com\/de\/neuheiten\/","og_locale":"de_DE","og_type":"article","og_title":"Neue nat\u00fcrliche Edelsteine | The Fine Gems","og_description":"Entdecken Sie die w\u00f6chentlich hinzugef\u00fcgten neuen Edelsteine: Saphire, Granate, Turmaline und andere feine Steine f\u00fcr Schmuck und Sammlungen.","og_url":"https:\/\/thefinegems.com\/de\/neuheiten\/","og_site_name":"TheFineGems","article_modified_time":"2026-04-14T15:51:13+00:00","og_image":[{"width":1536,"height":1024,"url":"https:\/\/thefinegems.com\/wp-content\/uploads\/2026\/01\/Emerald-The-Fine-Gems.png","type":"image\/png"}],"twitter_card":"summary_large_image","schema":{"@context":"https:\/\/schema.org","@graph":[{"@type":"WebPage","@id":"https:\/\/thefinegems.com\/de\/neuheiten\/","url":"https:\/\/thefinegems.com\/de\/neuheiten\/","name":"Neue nat\u00fcrliche Edelsteine | The Fine Gems","isPartOf":{"@id":"https:\/\/thefinegems.com\/de\/#website"},"primaryImageOfPage":{"@id":"https:\/\/thefinegems.com\/de\/neuheiten\/#primaryimage"},"image":{"@id":"https:\/\/thefinegems.com\/de\/neuheiten\/#primaryimage"},"thumbnailUrl":"https:\/\/thefinegems.com\/wp-content\/uploads\/2026\/01\/Emerald-The-Fine-Gems.png","datePublished":"2026-03-11T03:43:53+00:00","dateModified":"2026-04-14T15:51:13+00:00","description":"Entdecken Sie die w\u00f6chentlich hinzugef\u00fcgten neuen Edelsteine: Saphire, Granate, Turmaline und andere feine Steine f\u00fcr Schmuck und Sammlungen.","breadcrumb":{"@id":"https:\/\/thefinegems.com\/de\/neuheiten\/#breadcrumb"},"inLanguage":"de","potentialAction":[{"@type":"ReadAction","target":["https:\/\/thefinegems.com\/de\/neuheiten\/"]}]},{"@type":"ImageObject","inLanguage":"de","@id":"https:\/\/thefinegems.com\/de\/neuheiten\/#primaryimage","url":"https:\/\/thefinegems.com\/wp-content\/uploads\/2026\/01\/Emerald-The-Fine-Gems.png","contentUrl":"https:\/\/thefinegems.com\/wp-content\/uploads\/2026\/01\/Emerald-The-Fine-Gems.png","width":1536,"height":1024,"caption":"Nat\u00fcrlicher kolumbianischer Smaragd im Smaragdschliff mit sichtbaren Einschl\u00fcssen, eleganter heller Hintergrund"},{"@type":"BreadcrumbList","@id":"https:\/\/thefinegems.com\/de\/neuheiten\/#breadcrumb","itemListElement":[{"@type":"ListItem","position":1,"name":"Accueil","item":"https:\/\/thefinegems.com\/de\/"},{"@type":"ListItem","position":2,"name":"Neuheiten"}]},{"@type":"WebSite","@id":"https:\/\/thefinegems.com\/de\/#website","url":"https:\/\/thefinegems.com\/de\/","name":"TheFineGems","description":"Vente de pierres fines et pr\u00e9cieuses","publisher":{"@id":"https:\/\/thefinegems.com\/de\/#organization"},"potentialAction":[{"@type":"SearchAction","target":{"@type":"EntryPoint","urlTemplate":"https:\/\/thefinegems.com\/de\/?s={search_term_string}"},"query-input":{"@type":"PropertyValueSpecification","valueRequired":true,"valueName":"search_term_string"}}],"inLanguage":"de"},{"@type":"Organization","@id":"https:\/\/thefinegems.com\/de\/#organization","name":"TheFineGems","url":"https:\/\/thefinegems.com\/de\/","logo":{"@type":"ImageObject","inLanguage":"de","@id":"https:\/\/thefinegems.com\/de\/#\/schema\/logo\/image\/","url":"https:\/\/thefinegems.com\/wp-content\/uploads\/2025\/01\/Modele-dorigine-sur-fond-transparent-1.webp","contentUrl":"https:\/\/thefinegems.com\/wp-content\/uploads\/2025\/01\/Modele-dorigine-sur-fond-transparent-1.webp","width":1920,"height":1584,"caption":"TheFineGems"},"image":{"@id":"https:\/\/thefinegems.com\/de\/#\/schema\/logo\/image\/"},"sameAs":["https:\/\/www.instagram.com\/thefinegemsofficiel\/"]}]}},"uagb_featured_image_src":{"full":["https:\/\/thefinegems.com\/wp-content\/uploads\/2026\/01\/Emerald-The-Fine-Gems.png",1536,1024,false],"thumbnail":["https:\/\/thefinegems.com\/wp-content\/uploads\/2026\/01\/Emerald-The-Fine-Gems-150x150.png",150,150,true],"medium":["https:\/\/thefinegems.com\/wp-content\/uploads\/2026\/01\/Emerald-The-Fine-Gems-300x200.png",300,200,true],"medium_large":["https:\/\/thefinegems.com\/wp-content\/uploads\/2026\/01\/Emerald-The-Fine-Gems-768x512.png",768,512,true],"large":["https:\/\/thefinegems.com\/wp-content\/uploads\/2026\/01\/Emerald-The-Fine-Gems-1024x683.png",1024,683,true],"1536x1536":["https:\/\/thefinegems.com\/wp-content\/uploads\/2026\/01\/Emerald-The-Fine-Gems.png",1536,1024,false],"2048x2048":["https:\/\/thefinegems.com\/wp-content\/uploads\/2026\/01\/Emerald-The-Fine-Gems.png",1536,1024,false],"woocommerce_archive_thumbnail":["https:\/\/thefinegems.com\/wp-content\/uploads\/2026\/01\/Emerald-The-Fine-Gems-300x200.png",300,200,true],"woocommerce_thumbnail":["https:\/\/thefinegems.com\/wp-content\/uploads\/2026\/01\/Emerald-The-Fine-Gems-300x300.png",300,300,true],"woocommerce_single":["https:\/\/thefinegems.com\/wp-content\/uploads\/2026\/01\/Emerald-The-Fine-Gems-600x400.png",600,400,true],"woocommerce_gallery_thumbnail":["https:\/\/thefinegems.com\/wp-content\/uploads\/2026\/01\/Emerald-The-Fine-Gems-100x100.png",100,100,true]},"uagb_author_info":{"display_name":"The Fine Gems","author_link":"https:\/\/thefinegems.com\/de\/author\/th-hellaragmail-com\/"},"uagb_comment_info":0,"uagb_excerpt":"Entdecken Sie auch die Kategorien f\u00fcr Edelsteine und feine Steine: Saphire, Granate, Turmaline, Spinelle, Smaragde und andere von The Fine Gems ausgew\u00e4hlte nat\u00fcrliche Edelsteine. Entdecken Sie auch die Kategorien f\u00fcr Edelsteine und feine Steine: Saphire, Granate, Turmaline, Spinelle, Smaragde und andere von The Fine Gems ausgew\u00e4hlte nat\u00fcrliche Edelsteine. \u27a4 Suchen Sie einen bestimmten Stein?Ihr Experte&hellip;","jetpack_sharing_enabled":true,"_links":{"self":[{"href":"https:\/\/thefinegems.com\/de\/wp-json\/wp\/v2\/pages\/8827","targetHints":{"allow":["GET"]}}],"collection":[{"href":"https:\/\/thefinegems.com\/de\/wp-json\/wp\/v2\/pages"}],"about":[{"href":"https:\/\/thefinegems.com\/de\/wp-json\/wp\/v2\/types\/page"}],"author":[{"embeddable":true,"href":"https:\/\/thefinegems.com\/de\/wp-json\/wp\/v2\/users\/1"}],"replies":[{"embeddable":true,"href":"https:\/\/thefinegems.com\/de\/wp-json\/wp\/v2\/comments?post=8827"}],"version-history":[{"count":2,"href":"https:\/\/thefinegems.com\/de\/wp-json\/wp\/v2\/pages\/8827\/revisions"}],"predecessor-version":[{"id":8830,"href":"https:\/\/thefinegems.com\/de\/wp-json\/wp\/v2\/pages\/8827\/revisions\/8830"}],"wp:featuredmedia":[{"embeddable":true,"href":"https:\/\/thefinegems.com\/de\/wp-json\/wp\/v2\/media\/8828"}],"wp:attachment":[{"href":"https:\/\/thefinegems.com\/de\/wp-json\/wp\/v2\/media?parent=8827"}],"curies":[{"name":"wp","href":"https:\/\/api.w.org\/{rel}","templated":true}]}}