{"id":8640,"date":"2025-01-28T13:08:08","date_gmt":"2025-01-28T13:08:08","guid":{"rendered":"https:\/\/thefinegems.com\/my-account\/"},"modified":"2026-04-10T18:36:13","modified_gmt":"2026-04-10T18:36:13","slug":"my-account","status":"publish","type":"page","link":"https:\/\/thefinegems.com\/en\/my-account\/","title":{"rendered":"My account"},"content":{"rendered":"\t\t<div data-elementor-type=\"wp-page\" data-elementor-id=\"8640\" class=\"elementor elementor-8640 elementor-2907\" data-elementor-post-type=\"page\">\n\t\t\t\t<div class=\"elementor-element elementor-element-75310c7a e-flex e-con-boxed e-con e-parent\" data-id=\"75310c7a\" data-element_type=\"container\" data-e-type=\"container\">\n\t\t\t\t\t<div class=\"e-con-inner\">\n\t\t\t\t<div class=\"elementor-element elementor-element-e9b676e elementor-widget elementor-widget-text-editor\" data-id=\"e9b676e\" data-element_type=\"widget\" data-e-type=\"widget\" data-widget_type=\"text-editor.default\">\n\t\t\t\t<div class=\"elementor-widget-container\">\n\t\t\t\t\t\t\t\t\t<ul>\n<li><strong>Acc\u00e9dez \u00e0 votre espace s\u00e9curis\u00e9 pour g\u00e9rer vos informations, suivre vos commandes et personnaliser votre exp\u00e9rience sur notre site.<\/strong><\/li>\n<\/ul>\t\t\t\t\t\t\t\t<\/div>\n\t\t\t\t<\/div>\n\t\t\t\t<div class=\"elementor-element elementor-element-566b364e elementor-widget elementor-widget-text-editor\" data-id=\"566b364e\" data-element_type=\"widget\" data-e-type=\"widget\" data-widget_type=\"text-editor.default\">\n\t\t\t\t<div class=\"elementor-widget-container\">\n\t\t\t\t\t\t\t\t\t\n<div class=\"woocommerce ct-woo-unauthorized\"><\/div>\n\t\t\t\t\t\t\t\t<\/div>\n\t\t\t\t<\/div>\n\t\t\t\t\t<\/div>\n\t\t\t\t<\/div>\n\t\t<div class=\"elementor-element elementor-element-837ef06 e-flex e-con-boxed e-con e-parent\" data-id=\"837ef06\" data-element_type=\"container\" data-e-type=\"container\">\n\t\t\t\t\t<div class=\"e-con-inner\">\n\t\t\t\t\t<\/div>\n\t\t\t\t<\/div>\n\t\t\t\t<\/div>\n\t\t","protected":false},"excerpt":{"rendered":"","protected":false},"author":1,"featured_media":0,"parent":0,"menu_order":0,"comment_status":"closed","ping_status":"closed","template":"","meta":{"_uag_custom_page_level_css":"","footnotes":""},"class_list":["post-8640","page","type-page","status-publish","hentry"],"blocksy_meta":[],"yoast_head":"<!-- This site is optimized with the Yoast SEO plugin v27.4 - https:\/\/yoast.com\/product\/yoast-seo-wordpress\/ -->\n<title>My account - TheFineGems<\/title>\n<meta name=\"robots\" content=\"index, follow, max-snippet:-1, max-image-preview:large, max-video-preview:-1\" \/>\n<link rel=\"canonical\" href=\"https:\/\/thefinegems.com\/en\/my-account\/\" \/>\n<meta property=\"og:locale\" content=\"en_US\" \/>\n<meta property=\"og:type\" content=\"article\" \/>\n<meta property=\"og:title\" content=\"My account - TheFineGems\" \/>\n<meta property=\"og:url\" content=\"https:\/\/thefinegems.com\/en\/my-account\/\" \/>\n<meta property=\"og:site_name\" content=\"TheFineGems\" \/>\n<meta property=\"article:modified_time\" content=\"2026-04-10T18:36:13+00:00\" \/>\n<meta name=\"twitter:card\" content=\"summary_large_image\" \/>\n<script type=\"application\/ld+json\" class=\"yoast-schema-graph\">{\"@context\":\"https:\\\/\\\/schema.org\",\"@graph\":[{\"@type\":\"WebPage\",\"@id\":\"https:\\\/\\\/thefinegems.com\\\/en\\\/my-account\\\/\",\"url\":\"https:\\\/\\\/thefinegems.com\\\/en\\\/my-account\\\/\",\"name\":\"My account - TheFineGems\",\"isPartOf\":{\"@id\":\"https:\\\/\\\/thefinegems.com\\\/en\\\/#website\"},\"datePublished\":\"2025-01-28T13:08:08+00:00\",\"dateModified\":\"2026-04-10T18:36:13+00:00\",\"breadcrumb\":{\"@id\":\"https:\\\/\\\/thefinegems.com\\\/en\\\/my-account\\\/#breadcrumb\"},\"inLanguage\":\"en-US\",\"potentialAction\":[{\"@type\":\"ReadAction\",\"target\":[\"https:\\\/\\\/thefinegems.com\\\/en\\\/my-account\\\/\"]}]},{\"@type\":\"BreadcrumbList\",\"@id\":\"https:\\\/\\\/thefinegems.com\\\/en\\\/my-account\\\/#breadcrumb\",\"itemListElement\":[{\"@type\":\"ListItem\",\"position\":1,\"name\":\"Accueil\",\"item\":\"https:\\\/\\\/thefinegems.com\\\/en\\\/\"},{\"@type\":\"ListItem\",\"position\":2,\"name\":\"My account\"}]},{\"@type\":\"WebSite\",\"@id\":\"https:\\\/\\\/thefinegems.com\\\/en\\\/#website\",\"url\":\"https:\\\/\\\/thefinegems.com\\\/en\\\/\",\"name\":\"TheFineGems\",\"description\":\"Vente de pierres fines et pr\u00e9cieuses\",\"publisher\":{\"@id\":\"https:\\\/\\\/thefinegems.com\\\/en\\\/#organization\"},\"potentialAction\":[{\"@type\":\"SearchAction\",\"target\":{\"@type\":\"EntryPoint\",\"urlTemplate\":\"https:\\\/\\\/thefinegems.com\\\/en\\\/?s={search_term_string}\"},\"query-input\":{\"@type\":\"PropertyValueSpecification\",\"valueRequired\":true,\"valueName\":\"search_term_string\"}}],\"inLanguage\":\"en-US\"},{\"@type\":\"Organization\",\"@id\":\"https:\\\/\\\/thefinegems.com\\\/en\\\/#organization\",\"name\":\"TheFineGems\",\"url\":\"https:\\\/\\\/thefinegems.com\\\/en\\\/\",\"logo\":{\"@type\":\"ImageObject\",\"inLanguage\":\"en-US\",\"@id\":\"https:\\\/\\\/thefinegems.com\\\/en\\\/#\\\/schema\\\/logo\\\/image\\\/\",\"url\":\"https:\\\/\\\/thefinegems.com\\\/wp-content\\\/uploads\\\/2025\\\/01\\\/Modele-dorigine-sur-fond-transparent-1.webp\",\"contentUrl\":\"https:\\\/\\\/thefinegems.com\\\/wp-content\\\/uploads\\\/2025\\\/01\\\/Modele-dorigine-sur-fond-transparent-1.webp\",\"width\":1920,\"height\":1584,\"caption\":\"TheFineGems\"},\"image\":{\"@id\":\"https:\\\/\\\/thefinegems.com\\\/en\\\/#\\\/schema\\\/logo\\\/image\\\/\"},\"sameAs\":[\"https:\\\/\\\/www.instagram.com\\\/thefinegemsofficiel\\\/\"]}]}<\/script>\n<!-- \/ Yoast SEO plugin. -->","yoast_head_json":{"title":"My account - TheFineGems","robots":{"index":"index","follow":"follow","max-snippet":"max-snippet:-1","max-image-preview":"max-image-preview:large","max-video-preview":"max-video-preview:-1"},"canonical":"https:\/\/thefinegems.com\/en\/my-account\/","og_locale":"en_US","og_type":"article","og_title":"My account - TheFineGems","og_url":"https:\/\/thefinegems.com\/en\/my-account\/","og_site_name":"TheFineGems","article_modified_time":"2026-04-10T18:36:13+00:00","twitter_card":"summary_large_image","schema":{"@context":"https:\/\/schema.org","@graph":[{"@type":"WebPage","@id":"https:\/\/thefinegems.com\/en\/my-account\/","url":"https:\/\/thefinegems.com\/en\/my-account\/","name":"My account - TheFineGems","isPartOf":{"@id":"https:\/\/thefinegems.com\/en\/#website"},"datePublished":"2025-01-28T13:08:08+00:00","dateModified":"2026-04-10T18:36:13+00:00","breadcrumb":{"@id":"https:\/\/thefinegems.com\/en\/my-account\/#breadcrumb"},"inLanguage":"en-US","potentialAction":[{"@type":"ReadAction","target":["https:\/\/thefinegems.com\/en\/my-account\/"]}]},{"@type":"BreadcrumbList","@id":"https:\/\/thefinegems.com\/en\/my-account\/#breadcrumb","itemListElement":[{"@type":"ListItem","position":1,"name":"Accueil","item":"https:\/\/thefinegems.com\/en\/"},{"@type":"ListItem","position":2,"name":"My account"}]},{"@type":"WebSite","@id":"https:\/\/thefinegems.com\/en\/#website","url":"https:\/\/thefinegems.com\/en\/","name":"TheFineGems","description":"Vente de pierres fines et pr\u00e9cieuses","publisher":{"@id":"https:\/\/thefinegems.com\/en\/#organization"},"potentialAction":[{"@type":"SearchAction","target":{"@type":"EntryPoint","urlTemplate":"https:\/\/thefinegems.com\/en\/?s={search_term_string}"},"query-input":{"@type":"PropertyValueSpecification","valueRequired":true,"valueName":"search_term_string"}}],"inLanguage":"en-US"},{"@type":"Organization","@id":"https:\/\/thefinegems.com\/en\/#organization","name":"TheFineGems","url":"https:\/\/thefinegems.com\/en\/","logo":{"@type":"ImageObject","inLanguage":"en-US","@id":"https:\/\/thefinegems.com\/en\/#\/schema\/logo\/image\/","url":"https:\/\/thefinegems.com\/wp-content\/uploads\/2025\/01\/Modele-dorigine-sur-fond-transparent-1.webp","contentUrl":"https:\/\/thefinegems.com\/wp-content\/uploads\/2025\/01\/Modele-dorigine-sur-fond-transparent-1.webp","width":1920,"height":1584,"caption":"TheFineGems"},"image":{"@id":"https:\/\/thefinegems.com\/en\/#\/schema\/logo\/image\/"},"sameAs":["https:\/\/www.instagram.com\/thefinegemsofficiel\/"]}]}},"uagb_featured_image_src":{"full":false,"thumbnail":false,"medium":false,"medium_large":false,"large":false,"1536x1536":false,"2048x2048":false,"woocommerce_archive_thumbnail":false,"woocommerce_thumbnail":false,"woocommerce_single":false,"woocommerce_gallery_thumbnail":false},"uagb_author_info":{"display_name":"The Fine Gems","author_link":"https:\/\/thefinegems.com\/en\/author\/th-hellaragmail-com\/"},"uagb_comment_info":0,"uagb_excerpt":null,"jetpack_sharing_enabled":true,"_links":{"self":[{"href":"https:\/\/thefinegems.com\/en\/wp-json\/wp\/v2\/pages\/8640","targetHints":{"allow":["GET"]}}],"collection":[{"href":"https:\/\/thefinegems.com\/en\/wp-json\/wp\/v2\/pages"}],"about":[{"href":"https:\/\/thefinegems.com\/en\/wp-json\/wp\/v2\/types\/page"}],"author":[{"embeddable":true,"href":"https:\/\/thefinegems.com\/en\/wp-json\/wp\/v2\/users\/1"}],"replies":[{"embeddable":true,"href":"https:\/\/thefinegems.com\/en\/wp-json\/wp\/v2\/comments?post=8640"}],"version-history":[{"count":0,"href":"https:\/\/thefinegems.com\/en\/wp-json\/wp\/v2\/pages\/8640\/revisions"}],"wp:attachment":[{"href":"https:\/\/thefinegems.com\/en\/wp-json\/wp\/v2\/media?parent=8640"}],"curies":[{"name":"wp","href":"https:\/\/api.w.org\/{rel}","templated":true}]}}